{"id":256,"date":"2019-10-05T22:44:42","date_gmt":"2019-10-05T20:44:42","guid":{"rendered":"http:\/\/trachtenverein-waldburg.eu\/?page_id=256"},"modified":"2023-11-06T15:53:05","modified_gmt":"2023-11-06T14:53:05","slug":"goisselschnalzer","status":"publish","type":"page","link":"https:\/\/www.trachtenverein-waldburg.de\/en\/ueber-uns\/goisselschnalzer","title":{"rendered":"Goi\u00dfelschnalzer"},"content":{"rendered":"<div id=\"metaslider-id-259\" style=\"width: 100%;\" class=\"ml-slider-3-109-0 metaslider metaslider-flex metaslider-259 ml-slider has-dots-nav ms-theme-default\" role=\"region\" aria-label=\"Goisler\" data-height=\"300\" data-width=\"700\">\n    <div id=\"metaslider_container_259\">\n        <div id=\"metaslider_259\">\n            <ul class='slides'>\n                <li style=\"display: block; width: 100%;\" class=\"slide-266 ms-image \" aria-roledescription=\"slide\" data-date=\"2019-10-05 22:51:53\" data-filename=\"DSC_2353-700x300.jpg\" data-slide-type=\"image\"><img loading=\"lazy\" decoding=\"async\" src=\"https:\/\/www.trachtenverein-waldburg.de\/wp-content\/uploads\/2019\/10\/DSC_2353-700x300.jpg\" height=\"300\" width=\"700\" alt=\"\" class=\"slider-259 slide-266 msDefaultImage\" title=\"DSC_2353\" \/><\/li>\n                <li style=\"display: none; width: 100%;\" class=\"slide-267 ms-image \" aria-roledescription=\"slide\" data-date=\"2019-10-05 22:51:53\" data-filename=\"DSC_2348-700x300.jpg\" data-slide-type=\"image\"><img loading=\"lazy\" decoding=\"async\" src=\"https:\/\/www.trachtenverein-waldburg.de\/wp-content\/uploads\/2019\/10\/DSC_2348-700x300.jpg\" height=\"300\" width=\"700\" alt=\"\" class=\"slider-259 slide-267 msDefaultImage\" title=\"DSC_2348\" \/><\/li>\n                <li style=\"display: none; width: 100%;\" class=\"slide-268 ms-image \" aria-roledescription=\"slide\" data-date=\"2019-10-05 22:51:53\" data-filename=\"DSC_2349-700x300.jpg\" data-slide-type=\"image\"><img loading=\"lazy\" decoding=\"async\" src=\"https:\/\/www.trachtenverein-waldburg.de\/wp-content\/uploads\/2019\/10\/DSC_2349-700x300.jpg\" height=\"300\" width=\"700\" alt=\"\" class=\"slider-259 slide-268 msDefaultImage\" title=\"DSC_2349\" \/><\/li>\n                <li style=\"display: none; width: 100%;\" class=\"slide-269 ms-image \" aria-roledescription=\"slide\" data-date=\"2019-10-05 22:51:53\" data-filename=\"DSC_2350-700x300.jpg\" data-slide-type=\"image\"><img loading=\"lazy\" decoding=\"async\" src=\"https:\/\/www.trachtenverein-waldburg.de\/wp-content\/uploads\/2019\/10\/DSC_2350-700x300.jpg\" height=\"300\" width=\"700\" alt=\"\" class=\"slider-259 slide-269 msDefaultImage\" title=\"DSC_2350\" \/><\/li>\n                <li style=\"display: none; width: 100%;\" class=\"slide-270 ms-image \" aria-roledescription=\"slide\" data-date=\"2019-10-05 22:51:53\" data-filename=\"DSC_2351-700x300.jpg\" data-slide-type=\"image\"><img loading=\"lazy\" decoding=\"async\" src=\"https:\/\/www.trachtenverein-waldburg.de\/wp-content\/uploads\/2019\/10\/DSC_2351-700x300.jpg\" height=\"300\" width=\"700\" alt=\"\" class=\"slider-259 slide-270 msDefaultImage\" title=\"DSC_2351\" \/><\/li>\n            <\/ul>\n        <\/div>\n        \n    <\/div>\n<\/div>\n\n\n\n<p>Goi\u00dfelschnalzen = whip cracking <br>The Goi\u00dfelschnalzer have been around since 1986, when the group was formed under the leadership of Franz H\u00e4mmerle, who was then the Vorplattler and honorary board member. Under his leadership, several boys came together and learned the Goi\u00dfelschnalzen from their friends in the Wangen traditional costume association. Since then, the Goi\u00dfelschnalzer have been an integral part of the active group&#8217;s performances.<\/p>\n","protected":false},"excerpt":{"rendered":"<p>Goi\u00dfelschnalzen = whip cracking The Goi\u00dfelschnalzer have been around since 1986, when the group was formed under the leadership of Franz H\u00e4mmerle, who was then the Vorplattler and honorary board &hellip; <\/p>\n<p class=\"link-more\"><a href=\"https:\/\/www.trachtenverein-waldburg.de\/en\/ueber-uns\/goisselschnalzer\" class=\"more-link\">Continue reading<span class=\"screen-reader-text\"> &#8220;Goi\u00dfelschnalzer&#8221;<\/span><\/a><\/p>\n","protected":false},"author":1,"featured_media":0,"parent":173,"menu_order":0,"comment_status":"closed","ping_status":"closed","template":"","meta":{"ngg_post_thumbnail":0,"footnotes":""},"class_list":["post-256","page","type-page","status-publish","hentry"],"translation":{"provider":"WPGlobus","version":"3.0.2","language":"en","enabled_languages":["de","en"],"languages":{"de":{"title":true,"content":true,"excerpt":false},"en":{"title":true,"content":true,"excerpt":false}}},"_links":{"self":[{"href":"https:\/\/www.trachtenverein-waldburg.de\/en\/wp-json\/wp\/v2\/pages\/256","targetHints":{"allow":["GET"]}}],"collection":[{"href":"https:\/\/www.trachtenverein-waldburg.de\/en\/wp-json\/wp\/v2\/pages"}],"about":[{"href":"https:\/\/www.trachtenverein-waldburg.de\/en\/wp-json\/wp\/v2\/types\/page"}],"author":[{"embeddable":true,"href":"https:\/\/www.trachtenverein-waldburg.de\/en\/wp-json\/wp\/v2\/users\/1"}],"replies":[{"embeddable":true,"href":"https:\/\/www.trachtenverein-waldburg.de\/en\/wp-json\/wp\/v2\/comments?post=256"}],"version-history":[{"count":7,"href":"https:\/\/www.trachtenverein-waldburg.de\/en\/wp-json\/wp\/v2\/pages\/256\/revisions"}],"predecessor-version":[{"id":1252,"href":"https:\/\/www.trachtenverein-waldburg.de\/en\/wp-json\/wp\/v2\/pages\/256\/revisions\/1252"}],"up":[{"embeddable":true,"href":"https:\/\/www.trachtenverein-waldburg.de\/en\/wp-json\/wp\/v2\/pages\/173"}],"wp:attachment":[{"href":"https:\/\/www.trachtenverein-waldburg.de\/en\/wp-json\/wp\/v2\/media?parent=256"}],"curies":[{"name":"wp","href":"https:\/\/api.w.org\/{rel}","templated":true}]}}